{"id":238,"date":"2012-08-06T19:08:51","date_gmt":"2012-08-06T17:08:51","guid":{"rendered":"http:\/\/www.mvgoeggingen.com\/?page_id=238"},"modified":"2019-05-07T20:49:29","modified_gmt":"2019-05-07T18:49:29","slug":"presse-2","status":"publish","type":"page","link":"http:\/\/www.mvgoeggingen.com\/?page_id=238","title":{"rendered":"Presse"},"content":{"rendered":"<p>Hier findet Ihr die aktuellsten Nachrichten von uns.<\/p>\n<p>Bierfest 2019<\/p>\n<div class=\"article\" data-id=\"11045140\" data-shortcode=\"ar\">\n<p>Seit 48 Jahren feiert Krauchenwies\u2019 Ortsteil G\u00f6ggingen sein \u00fcber die lokalen Grenzen hinaus bekanntes mehrt\u00e4giges Bierfest. So hat am Samstagabend Ortsvorsteher Manfred Fischer zusammen mit Thomas H\u00e4nsler, Vorsitzender des ausrichtenden Musikvereins G\u00f6ggingen, in ge\u00fcbter Manier mit dem Fassanstich das Fest er\u00f6ffnet. Den musikalischen Auftakt zu dem f\u00fcnft\u00e4gigen Festmarathon \u00fcbernahm die Musikkapelle Benzingen unter dem mitrei\u00dfenden Dirigat von <a class=\"rtr-entity\" title=\"Zur Person: Horst Marquardt\" href=\"https:\/\/www.schwaebische.de\/suchergebnisse_suchbegriff,Horst+Marquardt.html\" data-rtr-entity=\"Horst Marquardt\" data-rtr-score=\"25.8507963118\" data-rtr-etype=\"person\">Horst Marquardt<\/a>. Dabei begeisterte die 38-k\u00f6pfige Mittelstufenkapelle das Publikum mit ihrem Spiel derart, dass unter Pfeifen und Johlen Zugaben gefordert wurden. Insbesondere die zw\u00f6lfj\u00e4hrige Laura \u2013 die j\u00fcngste Musikerin des Orchesters \u2013 erhielt rauschenden Beifall f\u00fcr ihre Soloeinlage mit dem Saxofon.<\/p>\n<p>Dirigent Marquardt wusste nicht nur seine Musiker anzufeuern, er verstand es auch, das Publikum mitzunehmen, sodass diese mitrei\u00dfende Bierfestouvert\u00fcre nicht im allgemeinen Festzeltbetrieb unterging, sondern bewusst wahrgenommen und entsprechend belohnt worden ist. So hatte er sich einen t\u00fcchtigen Schluck Bier aus einem riesigen Weizenbierglas redlich verdient, den ihm Thomas H\u00e4nsler nach dem gelungenen Auftritt seiner Kapelle als stimmungsmachende \u201eVorband\u201c reichte. W\u00e4hrend sich das Festzelt immer mehr f\u00fcllte, bereitete sich die Froschenkapelle aus Radolfzell darauf vor, den Rest der Nacht mit einer \u201eRock-Frog-Party\u201c das Zelt zu rocken. Die aus rund 25 Musikern bestehende Band bezeichnet ihre Musik selbst als \u201ehandgemachten Blechblas-Irrsinn\u201c. Die Zusammensetzung der Band entspricht zwar im Grunde einer klassischen Bl\u00e4sercombo mit Brass-Section, Drums, Gesang, E-Gitarre, E-Bass und anderem, aber sie seien \u201emusikalisch davon so weit entfernt, wie eine Milchkuh vom Abitur\u201c, so die tiefstapelnde Eigenbeurteilung der Musiker.<\/p>\n<p>Zwar griffen die Fr\u00f6sche fast nahtlos die Musikrichtung der letzten St\u00fccke der Benzinger \u201eVorband\u201c auf, die auf Wunsch des Publikums die \u201eVogelwiese\u201c und den \u201eB\u00f6hmischen Traum\u201c spielten, \u00f6ffneten aber bald darauf ihre musikalische Schatzkiste. AC\/DC, Beatles, Gr\u00f6nemeyer, Metallica, Eagles, Michael Jackson, La Brass Banda, Sportfreunde Stiller und noch mehr z\u00e4hlen die Frogs zu ihrem Repertoire, wobei die Radolfzeller jedes der St\u00fccke auf ihre eigene Art interpretierten.<\/p>\n<p>Entstanden ist das G\u00f6gginger Bierfest im Jahr 1971 durch ein kleines Brauereifest in den Lagerr\u00e4umen der ehemaligen Adler-Brauerei. Daraus hat sich mit der Zeit ein Volksfest entwickelt, das zwar immer noch das Hopfengetr\u00e4nk im Namen tr\u00e4gt, aber mehr und mehr zu einem Event geworden ist, das sich \u00fcber f\u00fcnf Tage ausgeweitet hat.<\/p>\n<p>So spielte am Sonntag der Musikverein Schwarzach zum Fr\u00fchschoppen auf, gefolgt vom nachmitt\u00e4glichen Auftritt des Musikvereins Wald und der Musikkapelle Neuhausen ob Eck. Der Feierabendhock beginnt am Montag um 16.30 Uhr. Er steht ganz im Zeichen b\u00f6hmischer Musik unter dem Motto \u201eHolzless \u2013 What a B\u00f6hmische\u201c. Wer am Dienstag \u201eBock auf Rock\u201c hat, darf sich ab 20 Uhr mit der Live-Band \u201eEdelRock\u201c zum Tanz in den Mai begeben. Am Mittwoch, 1. Mai, darf noch einmal richtig zum \u201eTag der Blasmusik\u201c gefestet werden. Um 11 Uhr spielt die Musikkapelle Krauchenwies zum Fr\u00fchschoppen auf, gefolgt vom Musikverein Heudorf, der ab 13.30 Uhr f\u00fcr Stimmung sorgt. Ab 17 Uhr fordert die Band \u201eOb8-Blech\u201c mit einer Blasmusikparty zum gro\u00dfen Finale auf. Bis auf den Dienstag (Bock auf Rock, 7 Euro Eintritt) sind die Veranstaltungen kostenfrei.<br \/>\nQuelle: Schw\u00e4bische Zeitung<\/p>\n<\/div>\n<p>Adlerplatzkonzert 2018<\/p>\n<p>Rund 300 G\u00e4ste sind am Samstag zum Adlerplatz in G\u00f6ggingen gekommen, um in angenehmer Sommeratmosph\u00e4re dem Doppelkonzert von Kirchenchor und Musikverein G\u00f6ggingen zu lauschen. 15 lange aktive Musikanten wurden f\u00fcr insgesamt 550 Jahre Mitgliedschaft im Musikverein G\u00f6ggingen von Josef Kugler, Bezirksvorsitzender des Bezirks III des Blasmusikverbandes Baden-W\u00fcrttemberg, geehrt.<\/p>\n<p>\u201eAuch dieses Mal wollen wir uns etwas anders pr\u00e4sentieren als Sie es sonst von einem Kirchenchor gew\u00f6hnt sind\u201c, sagte Adelbert Vochatzer, Vorsitzender des Kirchenchors. Und schon mit dem ersten Teil ihres Konzertes zeigten die durchweg sehr engagierten Hobbys\u00e4nger, was ihr Vorsitzender damit meinte. Mit eigener Band intonierten die S\u00e4nger Lieder von Musikgr\u00f6\u00dfen wie den Beatles, Abba und Queen. Musikalische Akzente setzen Markus Zeller an der E-Gitarre, J\u00fcrgen Knobelspies am Bass, Peter Frick am Keyboard, Johannes Ott am E-Piano und Manfred Dufner, liebevoll von allen nur \u201eFrate\u201c genannt, als begleitende und kurzfristig zusammengestellte Band.<\/p>\n<p>Hintereinander im G\u00e4nsemarsch kamen im Anschluss auch die Musiker des Musikvereins die Treppe von der Kirche zum Adlerplatz herunter, nahmen auf der B\u00fchne ihre Aufstellung ein und zauberten unter der Leitung ihres Dirigenten Horst Marquardt zauberhafte T\u00f6ne aus ihren Instrumenten. Zum ersten Mal bei einem Konzert dabei waren Celina W\u00f6ll an der Klarinette, Marietta Keller und Sophia Ott an der Querfl\u00f6te, Emily Adler und Nina Fischer am Saxofon, Matti Dufner am Fl\u00fcgelhorn, Julia Seifert und S\u00f6ren Hauhut am Schlagzeug. Sabrina Neudert und Melanie Baur f\u00fchrten als Moderatorinnen durch den facettenreichen Konzertabend. Absolute Ohrw\u00fcrmer wie \u201eI sing a Liad f\u00fcr di\u201c und die zu Herzen gehende Melodie von \u201eEinmal seh\u2019n wir uns wieder\u201c von Andreas Gabalier sorgten f\u00fcr eine magische Open-Air-Romantik auf dem Dorfplatz.<\/p>\n<p>Die zweite H\u00e4lfte des Sommerkonzertes im Freien gestalteten Kirchenchor und Musikverein gemeinsam. In einer Kombination aus Gesang und Musik pr\u00e4sentierten die 45 Musiker und 35 S\u00e4nger den musikalischen H\u00f6hepunkt des Konzertes. Gestartet wurde mit Filmmusik aus den Klassikern \u201eSpiel mir das Lied vom Tod\u201c und \u201eZwei glorreiche Halunken\u201c. Alle Akteure entf\u00fchrten ihr Publikum mit dem Vortrag \u201eMoment For Morricone\u201c auf eine musikalische Reise in den wilden Westen. Vielseitigen Geschichten aus dem Bereich der Musicals hauchten die K\u00fcnstler auf der B\u00fchne im Anschluss Leben ein. Ber\u00fchmte Melodien aus \u201ePhantom der Oper\u201c, \u201eCats\u201c oder \u201eJesus Christ Superstar\u201c von Andrew Lloyd Webber eroberten die Herzen der Zuschauer. Mit einem tollen Medley von Udo J\u00fcrgens endete nach rund zweieinhalb Stunden das mitrei\u00dfende Doppelkonzert. Das Publikum zeigte mit tosendem Applaus, dass es eine Zugabe wollte. Mit \u201eThank You for The Music\u201c und der s\u00fc\u00dfen Solostimme von Lorena Kempf fand das Konzert schlie\u00dflich seinen kr\u00f6nenden Abschluss.<br \/>\nQuelle: Schw\u00e4bische Zeitung<\/p>\n<p>Vorbericht Konzert 2018<\/p>\n<p>um zweiten Mal nach 2016 laden der Musikverein und der Kirchenchor G\u00f6ggingen zu einem gemeinsamen Konzert auf dem Adlerplatz ein. Termin ist der Samstag, 30. Juni, ab 19 Uhr.<\/p>\n<p>\u201eWir hoffen, dass wir das Doppelkonzert diesmal tats\u00e4chlich als Open-Air-Veranstaltung durchziehen k\u00f6nnen\u201c, sagt Adelbert Vochatzer, Vorsitzender des Kirchenchors. Beim ersten Versuch vor zwei Jahren musste das Konzert aufgrund des schlechten Wetters in die G\u00f6gginger Turnhalle verlegt werden. \u201eDort war die Atmosph\u00e4re zwar auch sch\u00f6n\u201c, sagt Vochatzer, aber dennoch hofft er in diesem Jahr auf mehr Wettergl\u00fcck. Bis zu 250 Zuschauer werden auf dem Adlerplatz Platz finden, es wird komplett bestuhlt sein f\u00fcr die G\u00e4ste.<\/p>\n<p>Adelbert Vochatzer erkl\u00e4rt auf Nachfrage der \u201eSchw\u00e4bischen Zeitung\u201c, dass der Musikverein wieder auf den Kirchenchor zugekommen sei. \u201eEin gemeinsames Konzert ist f\u00fcr beide Vereine eine gute Sache\u201c, sagt der Kirchenchor-Vorsitzende. So gebe es beispielsweise den Vorteil, dass beide Vereine ein kleineres Programm einstudieren m\u00fcssen. Der wichtigste Aspekt sei aber, dass den Zuschauern auf diese Weise ein abwechslungsreiches Programm mit verschiedenen Musikstilen geboten werden k\u00f6nne. Zum Auftakt des Doppelkonzerts wird der Kirchenchor bekannte Pop- und Rocksongs von den Beatles (\u201eHey Jude\u201c), Abba (\u201eSOS\u201c) und Queen (\u201eBohemian Rapsodie\u201c) singen. Der Musikverein will im Anschluss mit einem vielf\u00e4ltigen und abwechslungsreichen Programm den zweiten Teil des Konzerts bestreiten. So soll es unter anderem ein Medley von Andreas Gabalier geben.<\/p>\n<p>Im Anschluss daran bieten \u2013 nach einer Pause \u2013 Kirchenchor und Musikverein gemeinsam weltbekannte Musicals dar. So werden auf dem Adlerplatz St\u00fccke von Ennio Morricone, Andrew Lloyd Webber und Udo J\u00fcrgens zu h\u00f6ren sein.<\/p>\n<p>Insgesamt werden an diesem Sommerabend rund 55 Musikanten auf der B\u00fchne sein, unter ihnen 40 S\u00e4nger und eine 4-Mann-Band, die vom Kirchenchor begleitet wird. Der Musikverein wird von Horst Marquardt angeleitet, die Leitung des Kirchenchors hat Rainer Kempf inne.<\/p>\n<p>Vochatzer hofft jetzt, dass sowohl musikalisch als auch hinsichtlich des Wetters alles klappen wird, dann stehe einem gelungenen Abend aus seiner Sicht nichts im Weg.<br \/>\nQuelle: Schw\u00e4bische Zeitung<\/p>\n<p>Generalversammlung 2018<\/p>\n<div class=\"article\" data-id=\"10825659\" data-shortcode=\"ar\">\n<p>Die Generalversammlung des Musikvereins G\u00f6ggingen hat am Samstagabend mit den Ehrenmitglieder und -vorst\u00e4nden stattgefunden. Thomas H\u00e4nsler, vor einem Jahr zum neuen Vorsitzenden gew\u00e4hlt, bezeichnete es als Zeichen des gro\u00dfen \u201eWirgef\u00fchls\u201c, dass der Verein nur wenige entschuldigte Mitglieder namentlich erw\u00e4hnen musste. Zur Totenehrung erhoben sich die Mitglieder von den Pl\u00e4tzen.<\/p>\n<p>Dirigent Horst Marquardt hob die Vorbereitung des Gemeinschaftskonzerts mit dem Kirchenchor hervor. Dem Vize-Dirigenten Jannes Dufner dankte H\u00e4nsler f\u00fcr dessen Unterst\u00fctzung. Der Bericht der aus famili\u00e4ren Gr\u00fcnden ausgeschiedenen Jugendleiterin Julia Wa\u00dfer zeugt von der intensiven Arbeit mit dem musikalischen Nachwuchs. 21 Jugendliche erhalten ihre Ausbildung im Verein und in den umliegenden Musikschulen. Ein gro\u00dfes Dankesch\u00f6n ging dabei an die Ausbilder im Verein vor Ort. Der Bezirksjugendtag in G\u00f6ggingen ist der H\u00f6hepunkt in diesem Jahr.<\/p>\n<p>F\u00fcr bestandene D1-Pr\u00fcfungen wurden Celina W\u00f6ll, Lara, Lena und Matti Dufner mit der D1-Nadel geehrt. Teilpr\u00fcfungen in der D2-Stufe haben Maya Vochatzer, Emily Adler, Nina Fischer, Marietta Keller und in der D3-Stufe Jannes Dufner mit Erfolg abgelegt. Jasmin St\u00e4rk \u00fcbernimmt das Amt der Jugendleitung von Julia Wa\u00dfer.<\/p>\n<p>Der Verein z\u00e4hlt im Moment 64 aktive Mitglieder, davon zehn j\u00fcnger als 18 Jahre. Das Durchschnittsalter liegt bei 35 Jahren. Das stets alle Kr\u00e4fte beanspruchende Aush\u00e4ngeschild des Vereins, das zweij\u00e4hrlich stattfindende Bierfest, steht im kommenden Jahr erneut auf dem Programm. Acht musikalische Au\u00dfenauftritte sorgten daf\u00fcr, dass das Kerngesch\u00e4ft nicht vernachl\u00e4ssigt wurde.<\/p>\n<p>In diesem Jahr sind neben zahlreichen Auftritten auch organisatorische Vorhaben umzusetzen; darunter ein neues Fasnetsh\u00e4s und die Aufwertung des Proberaums. Im 25 Punkte umfassenden T\u00e4tigkeitsbericht der Schriftf\u00fchrerin ging Sabrina Neudert in gewohnt am\u00fcsanter und kurzweiliger Weise auch auf das Binnenleben der Musikanten ein.<\/p>\n<p>Dem Bericht des Kassierers Georg Missel folgte die Entlastung des Vorstands. Eine Satzungs\u00e4nderung soll die 35 Jahre alte Fassung an die Erfordernisse der Gegenwart anpassen, und wurde einstimmig beschlossen.<\/p>\n<\/div>\n<section class=\"comments\">\n<div class=\"login-to-comment text-center hidden-print\">\u00a0Generalversammlung 2017<\/div>\n<\/section>\n<p>G\u00f6ggingen arm\u00f6 Nach sechs Jahren als Vorsitzende der Musikkapelle G\u00f6ggingen hat Heidi Fischer bei der Generalversammlung das Kommando an <a title=\"Zur Person:Thomas Kempf\" href=\"http:\/\/www.schwaebische.de\/suchergebnisse_suche,Thomas+Kempf.html\" data-rtr-entity=\"Thomas Kempf\" data-rtr-score=\"42.4977758007\" data-rtr-etype=\"person\">Thomas<\/a> H\u00e4nsler \u00fcbergeben. B\u00fcrgermeister Jochen Spie\u00df, Ortsvorsteher Manfred Fischer und der Vorsitzende des Blasmusikverbandes, Josef Kugler, w\u00fcrdigten Fischers Amtszeit.<br \/>\nBei der Totenehrung gedachte die Versammlung des erst k\u00fcrzlich verstorbenen Ehrenmitglieds Herbert Amann. Sabrina Neudert ging anschlie\u00dfend auf die Ereignisse des vergangenen Jahres ein. Dazu geh\u00f6rte auch das wegen Regen vom Adlerplatz in die Turnhalle verlegte Doppelkonzert mit dem Kirchenchor. Als sehr ungem\u00fctlich beschrieb sie das Wetter am vergangenen Volkstrauertag. Mit der Einsch\u00e4tzung, dass man aber auch an solchen Tagen dem Gedenken an die Kriegstoten seine eigenen Befindlichkeiten unterzuordnen hat, fand sie die richtigen Worte.<\/p>\n<p>Als nicht so schlimm empfanden es die Musiker, dass sie vor lauter \u00dcberengagement beim Zug durch die Wirtschaften am Fasnetsdienstag in Krauchenwies das Br\u00e4uteln \u201everpasst\u201c haben.<br \/>\nSehr ausf\u00fchrlich ging Jugendleiterin Julia Wa\u00dfer auf die Arbeit mit dem Nachwuchs ein. Mit 21 Jugendlichen in der Ausbildung und f\u00fcnf Ausbildern baue sich die Zukunft des Vereins auf, Personalwechsel k\u00f6nnten aufgefangen werden. Heidi Fischer trug schlie\u00dflich ein letztes Mal den Bericht des Vorstands vor. Die wohl wichtigste Zahl f\u00fcr einen Musikverein ist die der aktiven Mitglieder: 66 sind es zurzeit. Nach dem bevorstehenden Bierfest vom 28. April bis 1. Mai haben sie wieder Gelegenheit, das musikalische K\u00f6nnen bei ausw\u00e4rtigen Veranstaltungen zu demonstrieren.<\/p>\n<p>Die Wahlen verliefen unter der Leitung von B\u00fcrgermeister Jochen Spie\u00df geheim. Auf Thomas H\u00e4nsler, seinen Stellvertreter Thomas Kempf und die beiden Beisitzer Benjamin Katzmann und Jonathan Ott entfielen je 45 von 46 Stimmen. Der folgende Applaus war f\u00fcr Heidi Fischer zugleich der Zeitpunkt, sich bei allen Anwesenden f\u00fcr \u201esechs tolle, spannende, verr\u00fcckte Jahre\u201c zu bedanken. Spie\u00df schloss mit sehr pers\u00f6nlichen Worten des Dankes an Fischer, die sich in der Zusammenarbeit als \u201eEngagement-Tsunami\u201c entpuppt habe. Mit dem Schlachtruf \u201eMVG-Ol\u00e9\u201c wollte Fischer den Schlusspunkt setzen, aber es folgten noch eine Reihe von Danksagungen.<\/p>\n<p>&nbsp;<\/p>\n","protected":false},"excerpt":{"rendered":"<p>Hier findet Ihr die aktuellsten Nachrichten von uns. Bierfest 2019 Seit 48 Jahren feiert Krauchenwies\u2019 Ortsteil G\u00f6ggingen sein \u00fcber die lokalen Grenzen hinaus bekanntes mehrt\u00e4giges&#8230;<\/p>\n","protected":false},"author":1,"featured_media":0,"parent":0,"menu_order":0,"comment_status":"closed","ping_status":"closed","template":"","meta":{"ngg_post_thumbnail":0},"_links":{"self":[{"href":"http:\/\/www.mvgoeggingen.com\/index.php?rest_route=\/wp\/v2\/pages\/238"}],"collection":[{"href":"http:\/\/www.mvgoeggingen.com\/index.php?rest_route=\/wp\/v2\/pages"}],"about":[{"href":"http:\/\/www.mvgoeggingen.com\/index.php?rest_route=\/wp\/v2\/types\/page"}],"author":[{"embeddable":true,"href":"http:\/\/www.mvgoeggingen.com\/index.php?rest_route=\/wp\/v2\/users\/1"}],"replies":[{"embeddable":true,"href":"http:\/\/www.mvgoeggingen.com\/index.php?rest_route=%2Fwp%2Fv2%2Fcomments&post=238"}],"version-history":[{"count":20,"href":"http:\/\/www.mvgoeggingen.com\/index.php?rest_route=\/wp\/v2\/pages\/238\/revisions"}],"predecessor-version":[{"id":873,"href":"http:\/\/www.mvgoeggingen.com\/index.php?rest_route=\/wp\/v2\/pages\/238\/revisions\/873"}],"wp:attachment":[{"href":"http:\/\/www.mvgoeggingen.com\/index.php?rest_route=%2Fwp%2Fv2%2Fmedia&parent=238"}],"curies":[{"name":"wp","href":"https:\/\/api.w.org\/{rel}","templated":true}]}}