{"id":19,"date":"2012-07-18T21:19:33","date_gmt":"2012-07-18T19:19:33","guid":{"rendered":"http:\/\/www.mvgoeggingen.com\/?page_id=19"},"modified":"2026-03-08T02:44:24","modified_gmt":"2026-03-08T00:44:24","slug":"vorstandschaft","status":"publish","type":"page","link":"http:\/\/www.mvgoeggingen.com\/?page_id=19","title":{"rendered":"Vorstandschaft"},"content":{"rendered":"<p style=\"text-align: center;\">1.Vorstand: Daniel St\u00e4rk<br \/>\n2.Vorstand: Jonathan Ott<br \/>\nKassierer: Georg Missel<br \/>\nSchriftf\u00fchrerin Martina Seifried<br \/>\nBeisitzer: Bianca St\u00e4rk<br \/>\nBeisitzer: Ulrike Bosch<br \/>\nJugendleiter: Matti Dufner und Team<\/p>\n<p>&nbsp;<\/p>\n","protected":false},"excerpt":{"rendered":"<p>1.Vorstand: Daniel St\u00e4rk 2.Vorstand: Jonathan Ott Kassierer: Georg Missel Schriftf\u00fchrerin Martina Seifried Beisitzer: Bianca St\u00e4rk Beisitzer: Ulrike Bosch Jugendleiter: Matti Dufner und Team &nbsp;<\/p>\n","protected":false},"author":1,"featured_media":0,"parent":0,"menu_order":0,"comment_status":"closed","ping_status":"closed","template":"","meta":{"ngg_post_thumbnail":0},"_links":{"self":[{"href":"http:\/\/www.mvgoeggingen.com\/index.php?rest_route=\/wp\/v2\/pages\/19"}],"collection":[{"href":"http:\/\/www.mvgoeggingen.com\/index.php?rest_route=\/wp\/v2\/pages"}],"about":[{"href":"http:\/\/www.mvgoeggingen.com\/index.php?rest_route=\/wp\/v2\/types\/page"}],"author":[{"embeddable":true,"href":"http:\/\/www.mvgoeggingen.com\/index.php?rest_route=\/wp\/v2\/users\/1"}],"replies":[{"embeddable":true,"href":"http:\/\/www.mvgoeggingen.com\/index.php?rest_route=%2Fwp%2Fv2%2Fcomments&post=19"}],"version-history":[{"count":12,"href":"http:\/\/www.mvgoeggingen.com\/index.php?rest_route=\/wp\/v2\/pages\/19\/revisions"}],"predecessor-version":[{"id":935,"href":"http:\/\/www.mvgoeggingen.com\/index.php?rest_route=\/wp\/v2\/pages\/19\/revisions\/935"}],"wp:attachment":[{"href":"http:\/\/www.mvgoeggingen.com\/index.php?rest_route=%2Fwp%2Fv2%2Fmedia&parent=19"}],"curies":[{"name":"wp","href":"https:\/\/api.w.org\/{rel}","templated":true}]}}